{"id":37,"date":"2013-12-13T15:03:27","date_gmt":"2013-12-13T13:03:27","guid":{"rendered":"http:\/\/www.stabhochteam.ch\/?page_id=37"},"modified":"2013-12-14T02:12:32","modified_gmt":"2013-12-14T00:12:32","slug":"ueber-uns","status":"publish","type":"page","link":"http:\/\/www.stabhochteam.ch\/?page_id=37","title":{"rendered":"\u00dcber uns"},"content":{"rendered":"<p>Das Stabhochteam Zentralschweiz bietet talentierten Athletinnen und Athleten aus der Zentralschweiz die M\u00f6glichkeit, sich vereins\u00fcbergreifend sportlich weiterzuentwickeln.<img decoding=\"async\" loading=\"lazy\" class=\"alignnone size-large wp-image-47\" alt=\"Training\" src=\"http:\/\/www.stabhochteam.ch\/wp-content\/uploads\/2013\/12\/IMG_0428-1024x682.jpg\" width=\"640\" height=\"426\" srcset=\"http:\/\/www.stabhochteam.ch\/wp-content\/uploads\/2013\/12\/IMG_0428-1024x682.jpg 1024w, http:\/\/www.stabhochteam.ch\/wp-content\/uploads\/2013\/12\/IMG_0428-300x200.jpg 300w\" sizes=\"(max-width: 640px) 100vw, 640px\" \/><\/p>\n<p>Den jungen Talenten sollen optimale Rahmenbedingungen geboten werden, um im Stabhochsprung mit einem breiten Feld an die nationale Spitze anzukn\u00fcpfen. Wir haben die Vision, dass wir baldm\u00f6glichst internationale Wettk\u00e4mpfe bestreiten k\u00f6nnen.<\/p>\n","protected":false},"excerpt":{"rendered":"<p>Das Stabhochteam Zentralschweiz bietet talentierten Athletinnen und Athleten aus der Zentralschweiz die M\u00f6glichkeit, sich vereins\u00fcbergreifend sportlich weiterzuentwickeln. Den jungen Talenten sollen optimale Rahmenbedingungen geboten werden, um im Stabhochsprung mit einem breiten Feld an die nationale Spitze anzukn\u00fcpfen. Wir haben die Vision, dass wir baldm\u00f6glichst internationale Wettk\u00e4mpfe bestreiten k\u00f6nnen.<\/p>\n","protected":false},"author":1,"featured_media":0,"parent":0,"menu_order":2,"comment_status":"closed","ping_status":"closed","template":"","meta":[],"_links":{"self":[{"href":"http:\/\/www.stabhochteam.ch\/index.php?rest_route=\/wp\/v2\/pages\/37"}],"collection":[{"href":"http:\/\/www.stabhochteam.ch\/index.php?rest_route=\/wp\/v2\/pages"}],"about":[{"href":"http:\/\/www.stabhochteam.ch\/index.php?rest_route=\/wp\/v2\/types\/page"}],"author":[{"embeddable":true,"href":"http:\/\/www.stabhochteam.ch\/index.php?rest_route=\/wp\/v2\/users\/1"}],"replies":[{"embeddable":true,"href":"http:\/\/www.stabhochteam.ch\/index.php?rest_route=%2Fwp%2Fv2%2Fcomments&post=37"}],"version-history":[{"count":5,"href":"http:\/\/www.stabhochteam.ch\/index.php?rest_route=\/wp\/v2\/pages\/37\/revisions"}],"predecessor-version":[{"id":95,"href":"http:\/\/www.stabhochteam.ch\/index.php?rest_route=\/wp\/v2\/pages\/37\/revisions\/95"}],"wp:attachment":[{"href":"http:\/\/www.stabhochteam.ch\/index.php?rest_route=%2Fwp%2Fv2%2Fmedia&parent=37"}],"curies":[{"name":"wp","href":"https:\/\/api.w.org\/{rel}","templated":true}]}}