{"id":2939,"date":"2021-05-13T16:43:51","date_gmt":"2021-05-13T14:43:51","guid":{"rendered":"http:\/\/www.stabhochteam.ch\/?page_id=2939"},"modified":"2021-05-16T11:55:01","modified_gmt":"2021-05-16T09:55:01","slug":"meeting-2021","status":"publish","type":"page","link":"http:\/\/www.stabhochteam.ch\/?page_id=2939","title":{"rendered":"Lauf- und Stabmeeting 2021"},"content":{"rendered":"\n<p><a href=\"https:\/\/slv.laportal.net\/Competitions\/Details\/4430\"><strong>Zu den Live Resultate<\/strong><\/a><\/p>\n\n\n\n<p><strong><a href=\"http:\/\/www.stabhochteam.ch\/?page_id=2967\">Fotos<\/a><\/strong><\/p>\n\n\n\n<p><strong><a href=\"http:\/\/www.stabhochteam.ch\/wp-content\/uploads\/2021\/05\/1000m-Frauen.pdf\">Rangliste 1000m Frauen<\/a><\/strong><\/p>\n\n\n\n<p><strong><a href=\"http:\/\/www.stabhochteam.ch\/wp-content\/uploads\/2021\/05\/1000m-M\u00e4nner.pdf\">Rangliste 1000m M\u00e4nner<\/a><\/strong><\/p>\n\n\n\n<p><strong><a href=\"http:\/\/www.stabhochteam.ch\/wp-content\/uploads\/2021\/05\/Stabhoch-2.50m.pdf\">Rangliste Stabhochsprung Anfangsh\u00f6he 2.50m<\/a><\/strong><\/p>\n\n\n\n<p><strong><a href=\"http:\/\/www.stabhochteam.ch\/wp-content\/uploads\/2021\/05\/Stabhoch-4.40m.pdf\">Rangliste Stabhochsprung Anfangsh\u00f6he 4.40m<\/a><\/strong><\/p>\n\n\n\n<p>Auf Grund\nvon Corona hat sich der LC Emmenstrand entschieden einen nicht Kaderanlass f\u00fcr\naktive Athleten*innen zu organisieren. In einem kleinen Stab- und Laufmeeting\nsollte es am Samstag, 15. Mai vor allem Startm\u00f6glichkeiten f\u00fcr Aktive\nAthleten*innen geben.<\/p>\n\n\n\n<p>So wurde je\neine Serie 1000m bei den Frauen und M\u00e4nnern gelaufen und zwei kleine Serien\nStabhochsprung angeboten.<\/p>\n\n\n\n<p>Die 1000m\ngingen noch bei trockenem Wetter \u00fcber die B\u00fchne. Vor allem die Frauen erzielten\nalle tolle Resultate. So konnten sich am Ende des Laufes fast alle \u00fcber eine\nneue PB freuen. Auch das Rennen der M\u00e4nner verlief gut. Jonas Sch\u00f6pfer stellte\nsich als Tempomacher zur Verf\u00fcgung, was die Athleten nat\u00fcrlich sehr sch\u00e4tzten.\nEin grosses Dankesch\u00f6n an Jonas!<\/p>\n\n\n\n<p>Beim\nStabhochsprung gelang vor allem Alexandra Stucki ein toller Wettkampf. Sie\npulverisierte Ihre PB gleich um 20cm. Ihre neue Bestleistung steht nun bei\n3.60m. Bravo!<\/p>\n\n\n\n<p>Bei der\nM\u00e4nnerserie im Stab kam dann leider Regen und Wind auf. Auch hier durften wir\neinen prominenten Athleten begr\u00fcssen. Dominik Alberto war mit von der Partie.\nEr kam noch etwas besser mit den schwierigen Verh\u00e4ltnissen klar als der\neinheimische Marco Jost. Jedoch mussten sich beide deutlich unter ihrem Wert\ngeschlagen geben.\n\nNichts desto trotz hatten wir einen tollen\nAnlass. Der Aufwand hat sich sicher gelohnt. Die Organisatoren bekamen sehr\nviel Dankbarkeit von Seiten der Athleten*innen und Trainer zu sp\u00fcren. Das\nmotiviert vielleicht wieder mal so was auf die Beine zu stellen.\n\n\n\n<\/p>\n","protected":false},"excerpt":{"rendered":"<p>Zu den Live Resultate Fotos Rangliste 1000m Frauen Rangliste 1000m M\u00e4nner Rangliste Stabhochsprung Anfangsh\u00f6he 2.50m Rangliste Stabhochsprung Anfangsh\u00f6he 4.40m Auf Grund von Corona hat sich der LC Emmenstrand entschieden einen nicht Kaderanlass f\u00fcr aktive Athleten*innen zu organisieren. In einem kleinen Stab- und Laufmeeting sollte es am Samstag, 15. Mai vor allem Startm\u00f6glichkeiten f\u00fcr Aktive Athleten*innen [&hellip;]<\/p>\n","protected":false},"author":2,"featured_media":0,"parent":1644,"menu_order":-2,"comment_status":"closed","ping_status":"closed","template":"","meta":[],"_links":{"self":[{"href":"http:\/\/www.stabhochteam.ch\/index.php?rest_route=\/wp\/v2\/pages\/2939"}],"collection":[{"href":"http:\/\/www.stabhochteam.ch\/index.php?rest_route=\/wp\/v2\/pages"}],"about":[{"href":"http:\/\/www.stabhochteam.ch\/index.php?rest_route=\/wp\/v2\/types\/page"}],"author":[{"embeddable":true,"href":"http:\/\/www.stabhochteam.ch\/index.php?rest_route=\/wp\/v2\/users\/2"}],"replies":[{"embeddable":true,"href":"http:\/\/www.stabhochteam.ch\/index.php?rest_route=%2Fwp%2Fv2%2Fcomments&post=2939"}],"version-history":[{"count":9,"href":"http:\/\/www.stabhochteam.ch\/index.php?rest_route=\/wp\/v2\/pages\/2939\/revisions"}],"predecessor-version":[{"id":2982,"href":"http:\/\/www.stabhochteam.ch\/index.php?rest_route=\/wp\/v2\/pages\/2939\/revisions\/2982"}],"up":[{"embeddable":true,"href":"http:\/\/www.stabhochteam.ch\/index.php?rest_route=\/wp\/v2\/pages\/1644"}],"wp:attachment":[{"href":"http:\/\/www.stabhochteam.ch\/index.php?rest_route=%2Fwp%2Fv2%2Fmedia&parent=2939"}],"curies":[{"name":"wp","href":"https:\/\/api.w.org\/{rel}","templated":true}]}}